{"id":7865,"date":"2022-01-28T17:59:34","date_gmt":"2022-01-28T16:59:34","guid":{"rendered":"https:\/\/www.lesbellesannees.com\/search\/"},"modified":"2023-02-22T17:35:44","modified_gmt":"2023-02-22T16:35:44","slug":"search","status":"publish","type":"page","link":"https:\/\/www.lesbellesannees.com\/en\/search\/","title":{"rendered":"Search"},"content":{"rendered":"","protected":false},"excerpt":{"rendered":"","protected":false},"author":52,"featured_media":0,"parent":0,"menu_order":0,"comment_status":"closed","ping_status":"closed","template":"pages\/recherche\/template-recherche.php","meta":{"_acf_changed":false,"footnotes":""},"class_list":["post-7865","page","type-page","status-publish","hentry"],"acf":[],"yoast_head":"<!-- This site is optimized with the Yoast SEO plugin v27.4 - https:\/\/yoast.com\/product\/yoast-seo-wordpress\/ -->\n<title>How to find a student accommodation ? | Les Belles Ann\u00e9es<\/title>\n<meta name=\"description\" content=\"Use our search engine to find your ideal student housing: find your apartment using several search criteria: City - School - Type of housing ... Choose from dozens of furnished, equipped and ready-to-rent apartments and book directly online!\" \/>\n<meta name=\"robots\" content=\"index, follow, max-snippet:-1, max-image-preview:large, max-video-preview:-1\" \/>\n<link rel=\"canonical\" href=\"https:\/\/www.lesbellesannees.com\/en\/search\/\" \/>\n<meta property=\"og:locale\" content=\"en_US\" \/>\n<meta property=\"og:type\" content=\"article\" \/>\n<meta property=\"og:title\" content=\"How to find a student accommodation ? | Les Belles Ann\u00e9es\" \/>\n<meta property=\"og:description\" content=\"Use our search engine to find your ideal student housing: find your apartment using several search criteria: City - School - Type of housing ... Choose from dozens of furnished, equipped and ready-to-rent apartments and book directly online!\" \/>\n<meta property=\"og:url\" content=\"https:\/\/www.lesbellesannees.com\/en\/search\/\" \/>\n<meta property=\"og:site_name\" content=\"LBA (Les Belles Ann\u00e9es)\" \/>\n<meta property=\"article:publisher\" content=\"https:\/\/www.facebook.com\/les.belles.annees\/\" \/>\n<meta property=\"article:modified_time\" content=\"2023-02-22T16:35:44+00:00\" \/>\n<meta name=\"twitter:card\" content=\"summary_large_image\" \/>\n<script type=\"application\/ld+json\" class=\"yoast-schema-graph\">{\"@context\":\"https:\\\/\\\/schema.org\",\"@graph\":[{\"@type\":\"WebPage\",\"@id\":\"https:\\\/\\\/www.lesbellesannees.com\\\/en\\\/search\\\/\",\"url\":\"https:\\\/\\\/www.lesbellesannees.com\\\/en\\\/search\\\/\",\"name\":\"How to find a student accommodation ? | Les Belles Ann\u00e9es\",\"isPartOf\":{\"@id\":\"https:\\\/\\\/www.lesbellesannees.com\\\/en\\\/#website\"},\"datePublished\":\"2022-01-28T16:59:34+00:00\",\"dateModified\":\"2023-02-22T16:35:44+00:00\",\"description\":\"Use our search engine to find your ideal student housing: find your apartment using several search criteria: City - School - Type of housing ... Choose from dozens of furnished, equipped and ready-to-rent apartments and book directly online!\",\"inLanguage\":\"en-US\",\"potentialAction\":[{\"@type\":\"ReadAction\",\"target\":[\"https:\\\/\\\/www.lesbellesannees.com\\\/en\\\/search\\\/\"]}]},{\"@type\":\"WebSite\",\"@id\":\"https:\\\/\\\/www.lesbellesannees.com\\\/en\\\/#website\",\"url\":\"https:\\\/\\\/www.lesbellesannees.com\\\/en\\\/\",\"name\":\"LBA (Les Belles Ann\u00e9es)\",\"description\":\"R\u00e9sidences \u00c9tudiantes\",\"publisher\":{\"@id\":\"https:\\\/\\\/www.lesbellesannees.com\\\/en\\\/#organization\"},\"potentialAction\":[{\"@type\":\"SearchAction\",\"target\":{\"@type\":\"EntryPoint\",\"urlTemplate\":\"https:\\\/\\\/www.lesbellesannees.com\\\/en\\\/?s={search_term_string}\"},\"query-input\":{\"@type\":\"PropertyValueSpecification\",\"valueRequired\":true,\"valueName\":\"search_term_string\"}}],\"inLanguage\":\"en-US\"},{\"@type\":\"Organization\",\"@id\":\"https:\\\/\\\/www.lesbellesannees.com\\\/en\\\/#organization\",\"name\":\"Les Belles Ann\u00e9es\",\"alternateName\":\"LBA\",\"url\":\"https:\\\/\\\/www.lesbellesannees.com\\\/en\\\/\",\"logo\":{\"@type\":\"ImageObject\",\"inLanguage\":\"en-US\",\"@id\":\"https:\\\/\\\/www.lesbellesannees.com\\\/en\\\/#\\\/schema\\\/logo\\\/image\\\/\",\"url\":\"https:\\\/\\\/www.lesbellesannees.com\\\/wp-content\\\/uploads\\\/2022\\\/03\\\/logo-lba-black.png\",\"contentUrl\":\"https:\\\/\\\/www.lesbellesannees.com\\\/wp-content\\\/uploads\\\/2022\\\/03\\\/logo-lba-black.png\",\"width\":135,\"height\":33,\"caption\":\"Les Belles Ann\u00e9es\"},\"image\":{\"@id\":\"https:\\\/\\\/www.lesbellesannees.com\\\/en\\\/#\\\/schema\\\/logo\\\/image\\\/\"},\"sameAs\":[\"https:\\\/\\\/www.facebook.com\\\/les.belles.annees\\\/\",\"https:\\\/\\\/www.instagram.com\\\/lesbellesannees\\\/\",\"https:\\\/\\\/www.youtube.com\\\/channel\\\/UCCYb-Xql4fC0iH3xJT9JlFw\",\"http:\\\/\\\/www.tiktok.com\\\/@lesbellesanneesofficiel\"]}]}<\/script>\n<!-- \/ Yoast SEO plugin. -->","yoast_head_json":{"title":"How to find a student accommodation ? | Les Belles Ann\u00e9es","description":"Use our search engine to find your ideal student housing: find your apartment using several search criteria: City - School - Type of housing ... Choose from dozens of furnished, equipped and ready-to-rent apartments and book directly online!","robots":{"index":"index","follow":"follow","max-snippet":"max-snippet:-1","max-image-preview":"max-image-preview:large","max-video-preview":"max-video-preview:-1"},"canonical":"https:\/\/www.lesbellesannees.com\/en\/search\/","og_locale":"en_US","og_type":"article","og_title":"How to find a student accommodation ? | Les Belles Ann\u00e9es","og_description":"Use our search engine to find your ideal student housing: find your apartment using several search criteria: City - School - Type of housing ... Choose from dozens of furnished, equipped and ready-to-rent apartments and book directly online!","og_url":"https:\/\/www.lesbellesannees.com\/en\/search\/","og_site_name":"LBA (Les Belles Ann\u00e9es)","article_publisher":"https:\/\/www.facebook.com\/les.belles.annees\/","article_modified_time":"2023-02-22T16:35:44+00:00","twitter_card":"summary_large_image","schema":{"@context":"https:\/\/schema.org","@graph":[{"@type":"WebPage","@id":"https:\/\/www.lesbellesannees.com\/en\/search\/","url":"https:\/\/www.lesbellesannees.com\/en\/search\/","name":"How to find a student accommodation ? | Les Belles Ann\u00e9es","isPartOf":{"@id":"https:\/\/www.lesbellesannees.com\/en\/#website"},"datePublished":"2022-01-28T16:59:34+00:00","dateModified":"2023-02-22T16:35:44+00:00","description":"Use our search engine to find your ideal student housing: find your apartment using several search criteria: City - School - Type of housing ... Choose from dozens of furnished, equipped and ready-to-rent apartments and book directly online!","inLanguage":"en-US","potentialAction":[{"@type":"ReadAction","target":["https:\/\/www.lesbellesannees.com\/en\/search\/"]}]},{"@type":"WebSite","@id":"https:\/\/www.lesbellesannees.com\/en\/#website","url":"https:\/\/www.lesbellesannees.com\/en\/","name":"LBA (Les Belles Ann\u00e9es)","description":"R\u00e9sidences \u00c9tudiantes","publisher":{"@id":"https:\/\/www.lesbellesannees.com\/en\/#organization"},"potentialAction":[{"@type":"SearchAction","target":{"@type":"EntryPoint","urlTemplate":"https:\/\/www.lesbellesannees.com\/en\/?s={search_term_string}"},"query-input":{"@type":"PropertyValueSpecification","valueRequired":true,"valueName":"search_term_string"}}],"inLanguage":"en-US"},{"@type":"Organization","@id":"https:\/\/www.lesbellesannees.com\/en\/#organization","name":"Les Belles Ann\u00e9es","alternateName":"LBA","url":"https:\/\/www.lesbellesannees.com\/en\/","logo":{"@type":"ImageObject","inLanguage":"en-US","@id":"https:\/\/www.lesbellesannees.com\/en\/#\/schema\/logo\/image\/","url":"https:\/\/www.lesbellesannees.com\/wp-content\/uploads\/2022\/03\/logo-lba-black.png","contentUrl":"https:\/\/www.lesbellesannees.com\/wp-content\/uploads\/2022\/03\/logo-lba-black.png","width":135,"height":33,"caption":"Les Belles Ann\u00e9es"},"image":{"@id":"https:\/\/www.lesbellesannees.com\/en\/#\/schema\/logo\/image\/"},"sameAs":["https:\/\/www.facebook.com\/les.belles.annees\/","https:\/\/www.instagram.com\/lesbellesannees\/","https:\/\/www.youtube.com\/channel\/UCCYb-Xql4fC0iH3xJT9JlFw","http:\/\/www.tiktok.com\/@lesbellesanneesofficiel"]}]}},"_links":{"self":[{"href":"https:\/\/www.lesbellesannees.com\/en\/wp-json\/wp\/v2\/pages\/7865","targetHints":{"allow":["GET"]}}],"collection":[{"href":"https:\/\/www.lesbellesannees.com\/en\/wp-json\/wp\/v2\/pages"}],"about":[{"href":"https:\/\/www.lesbellesannees.com\/en\/wp-json\/wp\/v2\/types\/page"}],"author":[{"embeddable":true,"href":"https:\/\/www.lesbellesannees.com\/en\/wp-json\/wp\/v2\/users\/52"}],"replies":[{"embeddable":true,"href":"https:\/\/www.lesbellesannees.com\/en\/wp-json\/wp\/v2\/comments?post=7865"}],"version-history":[{"count":0,"href":"https:\/\/www.lesbellesannees.com\/en\/wp-json\/wp\/v2\/pages\/7865\/revisions"}],"wp:attachment":[{"href":"https:\/\/www.lesbellesannees.com\/en\/wp-json\/wp\/v2\/media?parent=7865"}],"curies":[{"name":"wp","href":"https:\/\/api.w.org\/{rel}","templated":true}]}}